{"id":15,"date":"2024-03-31T02:22:44","date_gmt":"2024-03-31T02:22:44","guid":{"rendered":"https:\/\/copeancafe.co\/?page_id=15"},"modified":"2025-01-27T17:21:11","modified_gmt":"2025-01-27T17:21:11","slug":"inicio","status":"publish","type":"page","link":"https:\/\/copeancafe.co\/","title":{"rendered":"Inicio"},"content":{"rendered":"\n<div class=\"wp-block-cover alignfull is-light hestia-clear-top-padding\"><span aria-hidden=\"true\" class=\"wp-block-cover__background has-white-background-color has-background-dim-60 has-background-dim\"><\/span><img loading=\"lazy\" decoding=\"async\" width=\"1920\" height=\"1555\" src=\"https:\/\/copeancafe.co\/wp-content\/uploads\/2025\/01\/fondo2V2.jpg\" class=\"wp-block-cover__image-background wp-post-image\" alt=\"\" data-object-fit=\"cover\" \/><div class=\"wp-block-cover__inner-container is-layout-flow wp-block-cover-is-layout-flow\">\n<h2 class=\"wp-block-heading has-text-align-center has-text-color\" style=\"color:#3c4858\">Servicios<\/h2>\n\n\n\n<div style=\"height:40px\" aria-hidden=\"true\" class=\"wp-block-spacer\"><\/div>\n\n\n\n<div class=\"wp-block-columns container is-layout-flex wp-container-core-columns-is-layout-28f84493 wp-block-columns-is-layout-flex\">\n<div class=\"wp-block-column is-layout-flow wp-block-column-is-layout-flow\"><div class=\"wp-block-image\">\n<figure class=\"aligncenter size-large is-resized\"><img decoding=\"async\" src=\"https:\/\/copeancafe.co\/wp-content\/themes\/hestia\/assets\/img\/feat1.png\" alt=\"\" class=\"wp-image-70\" style=\"width:64px;height:auto\"\/><\/figure>\n<\/div>\n\n\n<h5 class=\"wp-block-heading has-text-align-center has-text-color\" style=\"color:#3c4858;font-size:18px\">Servicios<\/h5>\n\n\n\n<p class=\"has-text-align-center has-text-color\" style=\"color:#999999;font-size:14px\"><\/p>\n\n\n\n<p class=\"has-text-color\" style=\"color:#999999;font-size:14px\"><\/p>\n\n\n\n<p>Educaci\u00f3n, capacitaci\u00f3n y entrenamiento.<\/p>\n\n\n\n<p>Servicios Complementarios.<\/p>\n\n\n\n<p>Servicios Especiales.<\/p>\n\n\n\n<p>Desarrollo econ\u00f3mico y social.<\/p>\n\n\n\n<p>Soluci\u00f3n a necesidades de comercializaci\u00f3n y productos agr\u00edcolas.<\/p>\n\n\n\n<div style=\"height:25px\" aria-hidden=\"true\" class=\"wp-block-spacer\"><\/div>\n<\/div>\n\n\n\n<div class=\"wp-block-column is-style-plain is-layout-flow wp-block-column-is-layout-flow\"><div class=\"wp-block-image\">\n<figure class=\"aligncenter size-large\"><img decoding=\"async\" src=\"https:\/\/copeancafe.co\/wp-content\/themes\/hestia\/assets\/img\/feat2.png\" alt=\"\" class=\"wp-image-71\"\/><\/figure>\n<\/div>\n\n\n<h5 class=\"wp-block-heading has-text-align-center has-text-color\" style=\"color:#3c4858;font-size:18px\">Nuestros Principios<\/h5>\n\n\n\n<p class=\"has-text-align-center has-text-color\" style=\"color:#999999;font-size:14px\"><\/p>\n\n\n\n<p>Esp\u00edritu de solidaridad, cooperaci\u00f3n., igualdad y ayuda mutua.<\/p>\n\n\n\n<p class=\"has-text-align-left\">Participaci\u00f3n democr\u00e1tica, libertad de organizaci\u00f3n, autogestionaria y emprendedora.<\/p>\n\n\n\n<p class=\"has-text-align-left\">Adhesi\u00f3n voluntaria, responsable y abierta.<\/p>\n\n\n\n<p class=\"has-text-align-left\">Contribuci\u00f3n econ\u00f3mica de los asociados, en justicia y equidad.<\/p>\n\n\n\n<p class=\"has-text-align-left\">Autonom\u00eda, autodeterminaci\u00f3n y autogobierno.<\/p>\n\n\n\n<p class=\"has-text-align-left\">Formaci\u00f3n e informaci\u00f3n para sus asociados, de manera permanente, oportuna y progresiva.<\/p>\n\n\n\n<p class=\"has-text-align-left\">Integraci\u00f3n con otras organizaciones del mismo sector.<\/p>\n\n\n\n<p>Servicio a la comunidad.<\/p>\n\n\n\n<p class=\"has-text-align-center has-text-color\" style=\"color:#999999;font-size:14px\"><\/p>\n\n\n\n<div style=\"height:25px\" aria-hidden=\"true\" class=\"wp-block-spacer\"><\/div>\n<\/div>\n\n\n\n<div class=\"wp-block-column is-layout-flow wp-block-column-is-layout-flow\"><div class=\"wp-block-image\">\n<figure class=\"aligncenter size-large\"><img decoding=\"async\" src=\"https:\/\/copeancafe.co\/wp-content\/themes\/hestia\/assets\/img\/feat3.png\" alt=\"\" class=\"wp-image-72\"\/><\/figure>\n<\/div>\n\n\n<h5 class=\"wp-block-heading has-text-align-center has-text-color\" style=\"color:#3c4858;font-size:18px\">Acerca de<\/h5>\n\n\n\n<p class=\"has-text-align-center is-style-plain\">Somos una Cooperativa Multiactiva, de derecho privado, sin \u00e1nimo de lucro, con un n\u00famero de asociados y patrimonio variable e ilimitado y regida por las disposiciones legales vigentes y en especial por la legislaci\u00f3n cooperativa y el presente estatuto, encaminada al desarrollo integral y al mejoramiento continuo de la calidad de vida del asociado y al fortalecimiento organizacional de la Cooperativa, por medio de la comercializaci\u00f3n del caf\u00e9 y otros productos agropecuarios, contribuyendo a la sostenibilidad social y econ\u00f3mica del sector solidario.<\/p>\n\n\n\n<div style=\"height:25px\" aria-hidden=\"true\" class=\"wp-block-spacer\"><\/div>\n<\/div>\n<\/div>\n\n\n\n<div style=\"height:40px\" aria-hidden=\"true\" class=\"wp-block-spacer\"><\/div>\n<\/div><\/div>\n\n\n\n<p><\/p>\n","protected":false},"excerpt":{"rendered":"","protected":false},"author":1,"featured_media":50,"parent":0,"menu_order":0,"comment_status":"closed","ping_status":"closed","template":"","meta":{"_themeisle_gutenberg_block_has_review":false,"footnotes":""},"class_list":["post-15","page","type-page","status-publish","has-post-thumbnail","hentry"],"_links":{"self":[{"href":"https:\/\/copeancafe.co\/index.php\/wp-json\/wp\/v2\/pages\/15","targetHints":{"allow":["GET"]}}],"collection":[{"href":"https:\/\/copeancafe.co\/index.php\/wp-json\/wp\/v2\/pages"}],"about":[{"href":"https:\/\/copeancafe.co\/index.php\/wp-json\/wp\/v2\/types\/page"}],"author":[{"embeddable":true,"href":"https:\/\/copeancafe.co\/index.php\/wp-json\/wp\/v2\/users\/1"}],"replies":[{"embeddable":true,"href":"https:\/\/copeancafe.co\/index.php\/wp-json\/wp\/v2\/comments?post=15"}],"version-history":[{"count":4,"href":"https:\/\/copeancafe.co\/index.php\/wp-json\/wp\/v2\/pages\/15\/revisions"}],"predecessor-version":[{"id":57,"href":"https:\/\/copeancafe.co\/index.php\/wp-json\/wp\/v2\/pages\/15\/revisions\/57"}],"wp:featuredmedia":[{"embeddable":true,"href":"https:\/\/copeancafe.co\/index.php\/wp-json\/wp\/v2\/media\/50"}],"wp:attachment":[{"href":"https:\/\/copeancafe.co\/index.php\/wp-json\/wp\/v2\/media?parent=15"}],"curies":[{"name":"wp","href":"https:\/\/api.w.org\/{rel}","templated":true}]}}